{"id":18229,"date":"2020-03-16T11:29:45","date_gmt":"2020-03-16T11:29:45","guid":{"rendered":"https:\/\/www.anticevic-zdravlje.com.hr\/product\/cleansing-tea-extra\/"},"modified":"2023-01-09T11:00:29","modified_gmt":"2023-01-09T09:00:29","slug":"cleansing-tea-extra","status":"publish","type":"page","link":"https:\/\/www.anticevic-zdravlje.com.hr\/en\/product\/cleansing-tea-extra\/","title":{"rendered":"Cleansing tea extra"},"content":{"rendered":"<div class=\"wpb-content-wrapper\"><p>[vc_row equal_height=&#8221;yes&#8221; content_placement=&#8221;middle&#8221; row_type=&#8221;row&#8221; use_row_as_full_screen_section=&#8221;no&#8221; type=&#8221;grid&#8221; angled_section=&#8221;no&#8221; text_align=&#8221;left&#8221; background_image_as_pattern=&#8221;without_pattern&#8221; padding_top=&#8221;0&#8243; padding_bottom=&#8221;124&#8243;][vc_column width=&#8221;1\/2&#8243;][vc_empty_space height=&#8221;124px&#8221;][vc_column_text]<\/p>\n<h4 style=\"text-align: center;\">Cleansing tea extra<\/h4>\n<p>[\/vc_column_text][vc_column_text]CLEASING TEA EXTRA is designed for children and adults. It has mild flavor but effective composition of herbs, its purpose is broad because it has anti-inflammatory ingredients. It purifies the blood, stimulates the kidneys, urinary tract, soothes the stomach, helps with PMS, and strongly recommended when person goes to chemotherapy and radiation for a quick recovery from illness \u2013 Sweeten with GREEN HONEY EXTRA. Ingredients: Nettle, Yarrow, common marigold, elderberry and Mint.[\/vc_column_text]<ul id=\"cz_104736\" class=\"cz_104736 cz_stylish_list clr cz_sl_icon_hover_none\"><li class=\"clr\"><div class=\"cz_sl_icon\"><i class=\"fas fa-seedling mr10\"><\/i><\/div><div><span>nettle leaf<\/span><\/div><\/li><li class=\"clr\"><div class=\"cz_sl_icon\"><i class=\"fas fa-seedling mr10\"><\/i><\/div><div><span>a herb of stockholders<\/span><\/div><\/li><li class=\"clr\"><div class=\"cz_sl_icon\"><i class=\"fas fa-seedling mr10\"><\/i><\/div><div><span>flower unveiled<\/span><\/div><\/li><li class=\"clr\"><div class=\"cz_sl_icon\"><i class=\"fas fa-seedling mr10\"><\/i><\/div><div><span>elderflower<\/span><\/div><\/li><li class=\"clr\"><div class=\"cz_sl_icon\"><i class=\"fas fa-seedling mr10\"><\/i><\/div><div><span>mint sheet<\/span><\/div><\/li><\/ul>[\/vc_column][vc_column width=&#8221;1\/2&#8243;]<div id=\"cz_21555\" class=\"cz_21555 cz_image clr cz_image_no_fx center_on_mobile\"><div class=\"\" ><div class=\"cz_image_in\"><div class=\"cz_main_image\"><img decoding=\"async\" width=\"600\" height=\"600\" src=\"https:\/\/www.anticevic-zdravlje.com.hr\/wp-content\/uploads\/2021\/02\/MED-ANTICEVIC_product-8.jpg\" class=\"attachment-full\" alt=\"\" title=\"MED ANTICEVIC_product-8\" srcset=\"https:\/\/www.anticevic-zdravlje.com.hr\/wp-content\/uploads\/2021\/02\/MED-ANTICEVIC_product-8.jpg 600w, https:\/\/www.anticevic-zdravlje.com.hr\/wp-content\/uploads\/2021\/02\/MED-ANTICEVIC_product-8-300x300.jpg 300w, https:\/\/www.anticevic-zdravlje.com.hr\/wp-content\/uploads\/2021\/02\/MED-ANTICEVIC_product-8-100x100.jpg 100w, https:\/\/www.anticevic-zdravlje.com.hr\/wp-content\/uploads\/2021\/02\/MED-ANTICEVIC_product-8-64x64.jpg 64w, https:\/\/www.anticevic-zdravlje.com.hr\/wp-content\/uploads\/2021\/02\/MED-ANTICEVIC_product-8-150x150.jpg 150w\" sizes=\"(max-width: 600px) 100vw, 600px\" \/><\/div><\/div><\/div><\/div>[\/vc_column][\/vc_row][vc_row row_type=&#8221;row&#8221; use_row_as_full_screen_section=&#8221;no&#8221; type=&#8221;grid&#8221; angled_section=&#8221;no&#8221; text_align=&#8221;left&#8221; background_image_as_pattern=&#8221;without_pattern&#8221; padding_top=&#8221;0&#8243; padding_bottom=&#8221;124&#8243;][vc_column][vc_empty_space height=&#8221;124px&#8221;][vc_column_text]<strong>Nettle<\/strong><br \/>\nNettle is the best plant for cleaning and improving blood. It contains a lot of iron and it is successfully used for anemia (helps to restore blood cell production). Invigorates the body and is recommended for mothers, children and those who are in process of recovering from illness. It has positive effect on the pancreas and can help to reduce blood sugar. It helps with urinary tract infection, it stimulates the intestine, it acts as diuretic (increases the secretion of fluids and uric acid) and are recommended for people suffering from rheumatism, arthritis and gout i.e. General detoxification of the body. Nettle tea is used for liver and bile, for sleep disorders, in tumors of the spleen, for stomach cramps, ulcers, lung disease and so on. It helps with poor circulation and problems with respiratory organs. In combination with other herbs, nettles can be successfully used to treat leukemia. People who suffer from allergies, including hay fever, should also drink nettle tea.<\/p>\n<p><strong>Yarrow<\/strong><br \/>\nIt is considered to be healtful due to the many effective substances. Yarrow cures respiratory system. It affects the blood supply to the heart, regulate blood flow, and thus the heart rate, heal defects of the heart muscle and angina pectoris. Increases resistance against diseases. Consumation yarrow tea has a positive effect on the urinary and digestive system. It helps in the treatment of infections of the urinary bladder, relieves spasms of the stomach and abdomen, helps with lack of appetite and bloating. A beneficial effect on the urinary tracts, because of the abundance of potassium stimulates the kidneys to excrete urine, eliminates catarrh of the bladder, helps with wetting the bed problem. Stops diabetes, especially in its early phase. It helpswith bloody coughing and stops bleeding from the nose. Also very useful for internal bleeding and bloody stools. The plant yarrow is a friend of the woman as a beneficial effect on women\u2019s problems; eases painful periods, relieves menstrual cramps, reduces excessive menstrual bleeding and regulates menstruation. Yarrow stimulates sweating and successfully lowers fever caused by flu and colds. Also this plant helps to lower blood pressure, successfully treated varicose veins, hemorrhoids. It is used against insomnia and nervous tension.<\/p>\n<p><strong>Marigold<\/strong><br \/>\nTea marigold is excellent for the treatment of viral and bacterial Urinary infections. Successful in the fight against liver problems, kidney and urinary tract, used in the treatment of herpes virus and hepatitis. It is also used to treat diarrhea, inflammation of the intestines, stomach cramps and constipation. Tea of marigold regulates periods, beneficial effect in menopause as it regulates the proper outflow of blood. Purifies the blood and is valuable adjunct to infection. Marigold tea can be used for cancer disease as a supplement to increase other drugs. The most useful application for acne, warts, subcutaneous and other ulcers, eczema, burns, frostbite, bee or wasp stings, and for wound healing.<\/p>\n<p><strong>Elderberry<\/strong><br \/>\nIs used in the treatment of degenerative diseases and cancer as well as prevention of the same diseases. It is a great ally in the prevention of colds and flu because it strengthens the immune system. Elderberry has antiviral and antimicrobial activity. Tea made from elderberry reduces catarrh in the respiratory and cough, facilitates expectoration, heals sick throat, helps with flu, asthma, bronchitis, the initial phase of pneumonia, whooping cough, sciatica, rheumatism, severe fever. Elderberry has a detoxifying effect because it increases the secretion of toxins from the lymph glands. This herb can help with acne, ulcers, conjunctivitis and skin rash. Except as a laxative, acts as a diuretic and contributes to the health of the kidneys. It is used in situations where you need more sweating and heals dropsy. Tea leaves purifies the blood and the best remedy for skin impurities. Because of its laxative, diuretic and detoxifying properties is excellent as an aid in weight loss.<\/p>\n<p><strong>Mint<\/strong><br \/>\nMint helps with hy temperature problems. Tea can be used as a drink or you can ihale it. Mint has a soothing effect and strengthens the nerves. Affects the secretion of bile, urine and gastric juices. Can help with nausea and various illnesses and soothes vomiting. It is used as an antiseptic for colds and flu. It helps when starting servant, even with chronic sinusitis. Relieves pain (including menstrual cramps), reinforces the liver and pancreas and stimulates digestion.[\/vc_column_text][vc_separator type=&#8221;transparent&#8221; up=&#8221;80&#8243; down=&#8221;0&#8243;][\/vc_column][\/vc_row][vc_row disable_element=&#8221;yes&#8221;][vc_column][vc_column_text]<strong>Doziranje i n<\/strong><strong>a\u010din primjene:\u00a0 jednu \u010dajnu \u017elicu \u010daja preliti sa 2 dcl kipu\u0107e vode. Ostaviti poklopljeno 15-20 minuta. Nakon toga procijeniti i zasladiti po \u017eelji. \u010caj piti 3x dnevno poslije obroka. Preporu\u010dujemo \u010daj Pro\u010disko zasladiti sa Zelenim Medom.<\/strong><strong>\u00a0<\/strong><\/p>\n<p><strong>Napomene: \u010cuvati izvan dohvata male djece. Dodatak prehrani nije nadomjestak ili zamjena uravnote\u017eenoj prehrani. Uravnote\u017eena i raznovrsna prehrana i zdrav na\u010din \u017eivota va\u017eni su za zdravlje.<\/strong><\/p>\n<p><strong>Uvjeti \u010duvanja: \u010cuvati na suhom i tamnom mjestu pri temperaturi do 25\u00b0C u originalnoj ambala\u017ei. \u010caj se ne smije upotrijebiti nakon isteka roka valjanosti navedenog na pakiranju. <\/strong>[\/vc_column_text][vc_column_text]<strong><em>\u017delimo Vam dobro zdravlje!<br \/>\n<\/em><\/strong><strong><em>Anti<\/em><\/strong><strong><em>\u010d<\/em><\/strong><strong><em>evi<\/em><\/strong><strong><em>\u0107<\/em><\/strong><strong><em>-Zeleni Med j.d.o.o.<br \/>\n<\/em><\/strong><strong><em>Lukave<\/em><\/strong><strong><em>\u010d<\/em><\/strong><strong><em>ka 10, Donja Lomnica, Hrvatska<br \/>\n<\/em><\/strong><strong><a href=\"http:\/\/www.anticevic-zdravlje.com.hr\"><em>www.anticevic-zdravlje.com.hr<\/em><\/a><em><br \/>\n<\/em><\/strong><strong><em><u><a href=\"mailto:zelenimedanticevic@gmail.com\">zelenimedanticevic@gmail.com<\/a><\/u><\/em><\/strong><\/p>\n<p><strong><em>095\/567-7143\u00a0\u00a0\u00a0 00385 01\/580-5311<\/em><\/strong>[\/vc_column_text][\/vc_column][\/vc_row]<\/p>\n<\/div>","protected":false},"excerpt":{"rendered":"<p>[vc_row equal_height=&#8221;yes&#8221; content_placement=&#8221;middle&#8221; row_type=&#8221;row&#8221; use_row_as_full_screen_section=&#8221;no&#8221; type=&#8221;grid&#8221; angled_section=&#8221;no&#8221; text_align=&#8221;left&#8221; background_image_as_pattern=&#8221;without_pattern&#8221; padding_top=&#8221;0&#8243; padding_bottom=&#8221;124&#8243;][vc_column &#8230; <\/p>\n","protected":false},"author":1,"featured_media":19426,"parent":18182,"menu_order":0,"comment_status":"closed","ping_status":"closed","template":"","meta":{"footnotes":""},"yoast_head":"<!-- This site is optimized with the Yoast SEO plugin v22.8 - https:\/\/yoast.com\/wordpress\/plugins\/seo\/ -->\n<title>Cleansing tea extra - Anti\u010devi\u0107-Zeleni Med<\/title>\n<meta name=\"robots\" content=\"index, follow, max-snippet:-1, max-image-preview:large, max-video-preview:-1\" \/>\n<link rel=\"canonical\" href=\"https:\/\/www.anticevic-zdravlje.com.hr\/en\/product\/cleansing-tea-extra\/\" \/>\n<meta property=\"og:locale\" content=\"en_US\" \/>\n<meta property=\"og:type\" content=\"article\" \/>\n<meta property=\"og:title\" content=\"Cleansing tea extra - Anti\u010devi\u0107-Zeleni Med\" \/>\n<meta property=\"og:description\" content=\"[vc_row equal_height=&#8221;yes&#8221; content_placement=&#8221;middle&#8221; row_type=&#8221;row&#8221; use_row_as_full_screen_section=&#8221;no&#8221; type=&#8221;grid&#8221; angled_section=&#8221;no&#8221; text_align=&#8221;left&#8221; background_image_as_pattern=&#8221;without_pattern&#8221; padding_top=&#8221;0&#8243; padding_bottom=&#8221;124&#8243;][vc_column ...\" \/>\n<meta property=\"og:url\" content=\"https:\/\/www.anticevic-zdravlje.com.hr\/en\/product\/cleansing-tea-extra\/\" \/>\n<meta property=\"og:site_name\" content=\"Anti\u010devi\u0107-Zeleni Med\" \/>\n<meta property=\"article:publisher\" content=\"https:\/\/www.facebook.com\/anticeviczdravlje\/\" \/>\n<meta property=\"article:modified_time\" content=\"2023-01-09T09:00:29+00:00\" \/>\n<meta property=\"og:image\" content=\"https:\/\/www.anticevic-zdravlje.com.hr\/wp-content\/uploads\/2021\/02\/MED-ANTICEVIC_product-8.jpg\" \/>\n\t<meta property=\"og:image:width\" content=\"600\" \/>\n\t<meta property=\"og:image:height\" content=\"600\" \/>\n\t<meta property=\"og:image:type\" content=\"image\/jpeg\" \/>\n<meta name=\"twitter:card\" content=\"summary_large_image\" \/>\n<meta name=\"twitter:label1\" content=\"Est. reading time\" \/>\n\t<meta name=\"twitter:data1\" content=\"6 minutes\" \/>\n<script type=\"application\/ld+json\" class=\"yoast-schema-graph\">{\"@context\":\"https:\/\/schema.org\",\"@graph\":[{\"@type\":\"WebPage\",\"@id\":\"https:\/\/www.anticevic-zdravlje.com.hr\/en\/product\/cleansing-tea-extra\/\",\"url\":\"https:\/\/www.anticevic-zdravlje.com.hr\/en\/product\/cleansing-tea-extra\/\",\"name\":\"Cleansing tea extra - Anti\u010devi\u0107-Zeleni Med\",\"isPartOf\":{\"@id\":\"https:\/\/www.anticevic-zdravlje.com.hr\/en\/#website\"},\"primaryImageOfPage\":{\"@id\":\"https:\/\/www.anticevic-zdravlje.com.hr\/en\/product\/cleansing-tea-extra\/#primaryimage\"},\"image\":{\"@id\":\"https:\/\/www.anticevic-zdravlje.com.hr\/en\/product\/cleansing-tea-extra\/#primaryimage\"},\"thumbnailUrl\":\"https:\/\/www.anticevic-zdravlje.com.hr\/wp-content\/uploads\/2021\/02\/MED-ANTICEVIC_product-8.jpg\",\"datePublished\":\"2020-03-16T11:29:45+00:00\",\"dateModified\":\"2023-01-09T09:00:29+00:00\",\"breadcrumb\":{\"@id\":\"https:\/\/www.anticevic-zdravlje.com.hr\/en\/product\/cleansing-tea-extra\/#breadcrumb\"},\"inLanguage\":\"en-US\",\"potentialAction\":[{\"@type\":\"ReadAction\",\"target\":[\"https:\/\/www.anticevic-zdravlje.com.hr\/en\/product\/cleansing-tea-extra\/\"]}]},{\"@type\":\"ImageObject\",\"inLanguage\":\"en-US\",\"@id\":\"https:\/\/www.anticevic-zdravlje.com.hr\/en\/product\/cleansing-tea-extra\/#primaryimage\",\"url\":\"https:\/\/www.anticevic-zdravlje.com.hr\/wp-content\/uploads\/2021\/02\/MED-ANTICEVIC_product-8.jpg\",\"contentUrl\":\"https:\/\/www.anticevic-zdravlje.com.hr\/wp-content\/uploads\/2021\/02\/MED-ANTICEVIC_product-8.jpg\",\"width\":600,\"height\":600},{\"@type\":\"BreadcrumbList\",\"@id\":\"https:\/\/www.anticevic-zdravlje.com.hr\/en\/product\/cleansing-tea-extra\/#breadcrumb\",\"itemListElement\":[{\"@type\":\"ListItem\",\"position\":1,\"name\":\"Home\",\"item\":\"https:\/\/www.anticevic-zdravlje.com.hr\/en\/\"},{\"@type\":\"ListItem\",\"position\":2,\"name\":\"Product\",\"item\":\"https:\/\/www.anticevic-zdravlje.com.hr\/en\/product\/\"},{\"@type\":\"ListItem\",\"position\":3,\"name\":\"Cleansing tea extra\"}]},{\"@type\":\"WebSite\",\"@id\":\"https:\/\/www.anticevic-zdravlje.com.hr\/en\/#website\",\"url\":\"https:\/\/www.anticevic-zdravlje.com.hr\/en\/\",\"name\":\"Anti\u010devi\u0107-Zeleni Med\",\"description\":\"web trgovina\",\"publisher\":{\"@id\":\"https:\/\/www.anticevic-zdravlje.com.hr\/en\/#organization\"},\"potentialAction\":[{\"@type\":\"SearchAction\",\"target\":{\"@type\":\"EntryPoint\",\"urlTemplate\":\"https:\/\/www.anticevic-zdravlje.com.hr\/en\/?s={search_term_string}\"},\"query-input\":\"required name=search_term_string\"}],\"inLanguage\":\"en-US\"},{\"@type\":\"Organization\",\"@id\":\"https:\/\/www.anticevic-zdravlje.com.hr\/en\/#organization\",\"name\":\"Anti\u010devi\u0107-Zeleni Med j.d.o.o\",\"url\":\"https:\/\/www.anticevic-zdravlje.com.hr\/en\/\",\"logo\":{\"@type\":\"ImageObject\",\"inLanguage\":\"en-US\",\"@id\":\"https:\/\/www.anticevic-zdravlje.com.hr\/en\/#\/schema\/logo\/image\/\",\"url\":\"https:\/\/www.anticevic-zdravlje.com.hr\/wp-content\/uploads\/2020\/02\/Logotip.png\",\"contentUrl\":\"https:\/\/www.anticevic-zdravlje.com.hr\/wp-content\/uploads\/2020\/02\/Logotip.png\",\"width\":436,\"height\":486,\"caption\":\"Anti\u010devi\u0107-Zeleni Med j.d.o.o\"},\"image\":{\"@id\":\"https:\/\/www.anticevic-zdravlje.com.hr\/en\/#\/schema\/logo\/image\/\"},\"sameAs\":[\"https:\/\/www.facebook.com\/anticeviczdravlje\/\"]}]}<\/script>\n<!-- \/ Yoast SEO plugin. -->","yoast_head_json":{"title":"Cleansing tea extra - Anti\u010devi\u0107-Zeleni Med","robots":{"index":"index","follow":"follow","max-snippet":"max-snippet:-1","max-image-preview":"max-image-preview:large","max-video-preview":"max-video-preview:-1"},"canonical":"https:\/\/www.anticevic-zdravlje.com.hr\/en\/product\/cleansing-tea-extra\/","og_locale":"en_US","og_type":"article","og_title":"Cleansing tea extra - Anti\u010devi\u0107-Zeleni Med","og_description":"[vc_row equal_height=&#8221;yes&#8221; content_placement=&#8221;middle&#8221; row_type=&#8221;row&#8221; use_row_as_full_screen_section=&#8221;no&#8221; type=&#8221;grid&#8221; angled_section=&#8221;no&#8221; text_align=&#8221;left&#8221; background_image_as_pattern=&#8221;without_pattern&#8221; padding_top=&#8221;0&#8243; padding_bottom=&#8221;124&#8243;][vc_column ...","og_url":"https:\/\/www.anticevic-zdravlje.com.hr\/en\/product\/cleansing-tea-extra\/","og_site_name":"Anti\u010devi\u0107-Zeleni Med","article_publisher":"https:\/\/www.facebook.com\/anticeviczdravlje\/","article_modified_time":"2023-01-09T09:00:29+00:00","og_image":[{"width":600,"height":600,"url":"https:\/\/www.anticevic-zdravlje.com.hr\/wp-content\/uploads\/2021\/02\/MED-ANTICEVIC_product-8.jpg","type":"image\/jpeg"}],"twitter_card":"summary_large_image","twitter_misc":{"Est. reading time":"6 minutes"},"schema":{"@context":"https:\/\/schema.org","@graph":[{"@type":"WebPage","@id":"https:\/\/www.anticevic-zdravlje.com.hr\/en\/product\/cleansing-tea-extra\/","url":"https:\/\/www.anticevic-zdravlje.com.hr\/en\/product\/cleansing-tea-extra\/","name":"Cleansing tea extra - Anti\u010devi\u0107-Zeleni Med","isPartOf":{"@id":"https:\/\/www.anticevic-zdravlje.com.hr\/en\/#website"},"primaryImageOfPage":{"@id":"https:\/\/www.anticevic-zdravlje.com.hr\/en\/product\/cleansing-tea-extra\/#primaryimage"},"image":{"@id":"https:\/\/www.anticevic-zdravlje.com.hr\/en\/product\/cleansing-tea-extra\/#primaryimage"},"thumbnailUrl":"https:\/\/www.anticevic-zdravlje.com.hr\/wp-content\/uploads\/2021\/02\/MED-ANTICEVIC_product-8.jpg","datePublished":"2020-03-16T11:29:45+00:00","dateModified":"2023-01-09T09:00:29+00:00","breadcrumb":{"@id":"https:\/\/www.anticevic-zdravlje.com.hr\/en\/product\/cleansing-tea-extra\/#breadcrumb"},"inLanguage":"en-US","potentialAction":[{"@type":"ReadAction","target":["https:\/\/www.anticevic-zdravlje.com.hr\/en\/product\/cleansing-tea-extra\/"]}]},{"@type":"ImageObject","inLanguage":"en-US","@id":"https:\/\/www.anticevic-zdravlje.com.hr\/en\/product\/cleansing-tea-extra\/#primaryimage","url":"https:\/\/www.anticevic-zdravlje.com.hr\/wp-content\/uploads\/2021\/02\/MED-ANTICEVIC_product-8.jpg","contentUrl":"https:\/\/www.anticevic-zdravlje.com.hr\/wp-content\/uploads\/2021\/02\/MED-ANTICEVIC_product-8.jpg","width":600,"height":600},{"@type":"BreadcrumbList","@id":"https:\/\/www.anticevic-zdravlje.com.hr\/en\/product\/cleansing-tea-extra\/#breadcrumb","itemListElement":[{"@type":"ListItem","position":1,"name":"Home","item":"https:\/\/www.anticevic-zdravlje.com.hr\/en\/"},{"@type":"ListItem","position":2,"name":"Product","item":"https:\/\/www.anticevic-zdravlje.com.hr\/en\/product\/"},{"@type":"ListItem","position":3,"name":"Cleansing tea extra"}]},{"@type":"WebSite","@id":"https:\/\/www.anticevic-zdravlje.com.hr\/en\/#website","url":"https:\/\/www.anticevic-zdravlje.com.hr\/en\/","name":"Anti\u010devi\u0107-Zeleni Med","description":"web trgovina","publisher":{"@id":"https:\/\/www.anticevic-zdravlje.com.hr\/en\/#organization"},"potentialAction":[{"@type":"SearchAction","target":{"@type":"EntryPoint","urlTemplate":"https:\/\/www.anticevic-zdravlje.com.hr\/en\/?s={search_term_string}"},"query-input":"required name=search_term_string"}],"inLanguage":"en-US"},{"@type":"Organization","@id":"https:\/\/www.anticevic-zdravlje.com.hr\/en\/#organization","name":"Anti\u010devi\u0107-Zeleni Med j.d.o.o","url":"https:\/\/www.anticevic-zdravlje.com.hr\/en\/","logo":{"@type":"ImageObject","inLanguage":"en-US","@id":"https:\/\/www.anticevic-zdravlje.com.hr\/en\/#\/schema\/logo\/image\/","url":"https:\/\/www.anticevic-zdravlje.com.hr\/wp-content\/uploads\/2020\/02\/Logotip.png","contentUrl":"https:\/\/www.anticevic-zdravlje.com.hr\/wp-content\/uploads\/2020\/02\/Logotip.png","width":436,"height":486,"caption":"Anti\u010devi\u0107-Zeleni Med j.d.o.o"},"image":{"@id":"https:\/\/www.anticevic-zdravlje.com.hr\/en\/#\/schema\/logo\/image\/"},"sameAs":["https:\/\/www.facebook.com\/anticeviczdravlje\/"]}]}},"_links":{"self":[{"href":"https:\/\/www.anticevic-zdravlje.com.hr\/en\/wp-json\/wp\/v2\/pages\/18229"}],"collection":[{"href":"https:\/\/www.anticevic-zdravlje.com.hr\/en\/wp-json\/wp\/v2\/pages"}],"about":[{"href":"https:\/\/www.anticevic-zdravlje.com.hr\/en\/wp-json\/wp\/v2\/types\/page"}],"author":[{"embeddable":true,"href":"https:\/\/www.anticevic-zdravlje.com.hr\/en\/wp-json\/wp\/v2\/users\/1"}],"replies":[{"embeddable":true,"href":"https:\/\/www.anticevic-zdravlje.com.hr\/en\/wp-json\/wp\/v2\/comments?post=18229"}],"version-history":[{"count":1,"href":"https:\/\/www.anticevic-zdravlje.com.hr\/en\/wp-json\/wp\/v2\/pages\/18229\/revisions"}],"predecessor-version":[{"id":20897,"href":"https:\/\/www.anticevic-zdravlje.com.hr\/en\/wp-json\/wp\/v2\/pages\/18229\/revisions\/20897"}],"up":[{"embeddable":true,"href":"https:\/\/www.anticevic-zdravlje.com.hr\/en\/wp-json\/wp\/v2\/pages\/18182"}],"wp:featuredmedia":[{"embeddable":true,"href":"https:\/\/www.anticevic-zdravlje.com.hr\/en\/wp-json\/wp\/v2\/media\/19426"}],"wp:attachment":[{"href":"https:\/\/www.anticevic-zdravlje.com.hr\/en\/wp-json\/wp\/v2\/media?parent=18229"}],"curies":[{"name":"wp","href":"https:\/\/api.w.org\/{rel}","templated":true}]}}