{"id":18195,"date":"2020-03-16T09:36:36","date_gmt":"2020-03-16T09:36:36","guid":{"rendered":"https:\/\/www.anticevic-zdravlje.com.hr\/contact\/"},"modified":"2024-09-02T17:41:35","modified_gmt":"2024-09-02T15:41:35","slug":"contact","status":"publish","type":"page","link":"https:\/\/www.anticevic-zdravlje.com.hr\/en\/contact\/","title":{"rendered":"Contact"},"content":{"rendered":"<div class=\"wpb-content-wrapper\"><p>[vc_row css=&#8221;.vc_custom_1497126171788{background-position: center !important;background-repeat: no-repeat !important;background-size: cover !important;}&#8221;][vc_column width=&#8221;1\/2&#8243;]<div id=\"cz_98525\" class=\"cz_98525 cz_title clr cz_title_ba_line cz_title_pos_inline\"><div class=\"cz_title_content\"><div class=\"cz_wpe_content\"><h3>Contact us<\/h3>\n<\/div><div class=\"cz_title_line cz_line_after_title\"><span>_<\/span><\/div><\/div><\/div><div class=\"cz_gap clr \" style=\"height: 50px\"><\/div><div id=\"cz_49379\" class=\"cz_49379 cz_cf7 clr\"><div>\n<div class=\"wpcf7 no-js\" id=\"wpcf7-f6-o1\" lang=\"en-US\" dir=\"ltr\">\n<div class=\"screen-reader-response\"><p role=\"status\" aria-live=\"polite\" aria-atomic=\"true\"><\/p> <ul><\/ul><\/div>\n<form action=\"\/en\/wp-json\/wp\/v2\/pages\/18195#wpcf7-f6-o1\" method=\"post\" class=\"wpcf7-form init\" aria-label=\"Contact form\" novalidate=\"novalidate\" data-status=\"init\">\n<div style=\"display: none;\">\n<input type=\"hidden\" name=\"_wpcf7\" value=\"6\" \/>\n<input type=\"hidden\" name=\"_wpcf7_version\" value=\"5.9.5\" \/>\n<input type=\"hidden\" name=\"_wpcf7_locale\" value=\"en_US\" \/>\n<input type=\"hidden\" name=\"_wpcf7_unit_tag\" value=\"wpcf7-f6-o1\" \/>\n<input type=\"hidden\" name=\"_wpcf7_container_post\" value=\"0\" \/>\n<input type=\"hidden\" name=\"_wpcf7_posted_data_hash\" value=\"\" \/>\n<input type=\"hidden\" name=\"_wpcf7_recaptcha_response\" value=\"\" \/>\n<\/div>\n<p><label><span class=\"wpcf7-form-control-wrap\" data-name=\"your-name\"><input size=\"40\" class=\"wpcf7-form-control wpcf7-text wpcf7-validates-as-required\" aria-required=\"true\" aria-invalid=\"false\" placeholder=\"Your Name *\" value=\"\" type=\"text\" name=\"your-name\" \/><\/span> <\/label><br \/>\n<label><span class=\"wpcf7-form-control-wrap\" data-name=\"your-email\"><input size=\"40\" class=\"wpcf7-form-control wpcf7-email wpcf7-validates-as-required wpcf7-text wpcf7-validates-as-email\" aria-required=\"true\" aria-invalid=\"false\" placeholder=\"Your Email\" value=\"\" type=\"email\" name=\"your-email\" \/><\/span> <\/label><br \/>\n<label><span class=\"wpcf7-form-control-wrap\" data-name=\"your-subject\"><input size=\"40\" class=\"wpcf7-form-control wpcf7-text\" aria-invalid=\"false\" placeholder=\"Subject\" value=\"\" type=\"text\" name=\"your-subject\" \/><\/span> <\/label><br \/>\n<label><span class=\"wpcf7-form-control-wrap\" data-name=\"your-message\"><textarea cols=\"40\" rows=\"10\" class=\"wpcf7-form-control wpcf7-textarea\" aria-invalid=\"false\" placeholder=\"Your Message\" name=\"your-message\"><\/textarea><\/span> <\/label><br \/>\n<input class=\"wpcf7-form-control wpcf7-submit has-spinner\" type=\"submit\" value=\"Send\" \/>\n<\/p><input type='hidden' class='wpcf7-pum' value='{\"closepopup\":false,\"closedelay\":0,\"openpopup\":false,\"openpopup_id\":0}' \/><div class=\"wpcf7-response-output\" aria-hidden=\"true\"><\/div>\n<\/form>\n<\/div>\n<\/div><\/div>[\/vc_column][vc_column width=&#8221;1\/2&#8243;]<div id=\"cz_79852\" class=\"cz_79852 cz_title clr cz_title_ba_line cz_title_pos_inline\"><div class=\"cz_title_content\"><div class=\"cz_wpe_content\"><h3>Company data<\/h3>\n<\/div><div class=\"cz_title_line cz_line_after_title\"><span>_<\/span><\/div><\/div><\/div><div class=\"cz_gap clr \" style=\"height: 50px\"><\/div><div id=\"cz_70996\" class=\"cz_70996 cz_title clr cz_title_pos_inline\"><div class=\"cz_title_content\"><div class=\"cz_wpe_content\"><p><strong>GREEN HONEY<\/strong> jednostavno dru\u0161tvo s ograni\u010denom odgovorno\u0161\u0107u za proizvodnju, trgovinu i usluge<br \/>Stjepana Bencekovi\u0107a 38, 10000 Zagreb<br \/><strong>OIB<\/strong>:47926620915<br \/><strong>MBS<\/strong>:05865433<br \/><strong>Osniva\u010d GREEN HONEYA<\/strong>: Klaudija Mi\u0161kovi\u0107<br \/><strong>IBAN<\/strong>: HR9724020061101194468<br \/>Erste&amp;Steierm\u00e4rkische Bank d.d.<\/p>\n<\/div><\/div><\/div><div class=\"cz_gap clr \" style=\"height: 50px\"><\/div><div id=\"cz_99097\" class=\"cz_99097 cz_social_icons cz_social clr cz_social_inline_title cz_social_fx_0 tal\"><a href=\"https:\/\/www.facebook.com\/anticeviczdravlje\/\" class=\"cz-facebook\" target=\"_blank\" rel=\"noopener noreferrer\" title=\"Facebook - Anti\u010devi\u0107-Zeleni med\" aria-label=\"Facebook - Anti\u010devi\u0107-Zeleni med\"><i class=\"fa fa-facebook\"><span class=\"ml10\">Facebook - Anti\u010devi\u0107-Zeleni med<\/span><\/i><\/a><a href=\"https:\/\/www.instagram.com\/anticeviczelenimed\/\" class=\"cz-instagram\" target=\"_blank\" rel=\"noopener noreferrer\" title=\"Instagram - Klaudija Anti\u010devi\u0107\" aria-label=\"Instagram - Klaudija Anti\u010devi\u0107\"><i class=\"fab fa-instagram\"><span class=\"ml10\">Instagram - Klaudija Anti\u010devi\u0107<\/span><\/i><\/a><\/div>[\/vc_column][\/vc_row][vc_row][vc_column]<div class=\"cz_gap clr  hide_on_tablet hide_on_mobile\" style=\"height: 100px\"><\/div><div class=\"cz_gap show_on_tablet clr \" style=\"height: 50px\"><\/div>[\/vc_column][\/vc_row]<\/p>\n<\/div>","protected":false},"excerpt":{"rendered":"<p>[vc_row css=&#8221;.vc_custom_1497126171788{background-position: center !important;background-repeat: no-repeat !important;background-size: cover !important;}&#8221;][vc_column width=&#8221;1\/2&#8243;][\/vc_column][vc_column width=&#8221;1\/2&#8243;][\/vc_column][\/vc_row][vc_row][vc_column][\/vc_column][\/vc_row] &#8230; <\/p>\n","protected":false},"author":1,"featured_media":0,"parent":0,"menu_order":0,"comment_status":"closed","ping_status":"closed","template":"","meta":{"footnotes":""},"yoast_head":"<!-- This site is optimized with the Yoast SEO plugin v22.8 - https:\/\/yoast.com\/wordpress\/plugins\/seo\/ -->\n<title>Contact - Anti\u010devi\u0107-Zeleni Med<\/title>\n<meta name=\"robots\" content=\"index, follow, max-snippet:-1, max-image-preview:large, max-video-preview:-1\" \/>\n<link rel=\"canonical\" href=\"https:\/\/www.anticevic-zdravlje.com.hr\/kontakt\/\" \/>\n<meta property=\"og:locale\" content=\"en_US\" \/>\n<meta property=\"og:type\" content=\"article\" \/>\n<meta property=\"og:title\" content=\"Contact - Anti\u010devi\u0107-Zeleni Med\" \/>\n<meta property=\"og:description\" content=\"[vc_row css=&#8221;.vc_custom_1497126171788{background-position: center !important;background-repeat: no-repeat !important;background-size: cover !important;}&#8221;][vc_column width=&#8221;1\/2&#8243;][\/vc_column][vc_column width=&#8221;1\/2&#8243;][\/vc_column][\/vc_row][vc_row][vc_column][\/vc_column][\/vc_row] ...\" \/>\n<meta property=\"og:url\" content=\"https:\/\/www.anticevic-zdravlje.com.hr\/kontakt\/\" \/>\n<meta property=\"og:site_name\" content=\"Anti\u010devi\u0107-Zeleni Med\" \/>\n<meta property=\"article:publisher\" content=\"https:\/\/www.facebook.com\/anticeviczdravlje\/\" \/>\n<meta property=\"article:modified_time\" content=\"2024-09-02T15:41:35+00:00\" \/>\n<meta property=\"og:image\" content=\"https:\/\/www.anticevic-zdravlje.com.hr\/wp-content\/uploads\/2024\/05\/anticevic-nasmijani-logo-u-krugu-1-1.png\" \/>\n<meta name=\"twitter:card\" content=\"summary_large_image\" \/>\n<meta name=\"twitter:label1\" content=\"Est. reading time\" \/>\n\t<meta name=\"twitter:data1\" content=\"1 minute\" \/>\n<script type=\"application\/ld+json\" class=\"yoast-schema-graph\">{\"@context\":\"https:\/\/schema.org\",\"@graph\":[{\"@type\":\"WebPage\",\"@id\":\"https:\/\/www.anticevic-zdravlje.com.hr\/kontakt\/\",\"url\":\"https:\/\/www.anticevic-zdravlje.com.hr\/kontakt\/\",\"name\":\"Contact - Anti\u010devi\u0107-Zeleni Med\",\"isPartOf\":{\"@id\":\"https:\/\/www.anticevic-zdravlje.com.hr\/en\/#website\"},\"datePublished\":\"2020-03-16T09:36:36+00:00\",\"dateModified\":\"2024-09-02T15:41:35+00:00\",\"breadcrumb\":{\"@id\":\"https:\/\/www.anticevic-zdravlje.com.hr\/kontakt\/#breadcrumb\"},\"inLanguage\":\"en-US\",\"potentialAction\":[{\"@type\":\"ReadAction\",\"target\":[\"https:\/\/www.anticevic-zdravlje.com.hr\/kontakt\/\"]}]},{\"@type\":\"BreadcrumbList\",\"@id\":\"https:\/\/www.anticevic-zdravlje.com.hr\/kontakt\/#breadcrumb\",\"itemListElement\":[{\"@type\":\"ListItem\",\"position\":1,\"name\":\"Home\",\"item\":\"https:\/\/www.anticevic-zdravlje.com.hr\/en\/\"},{\"@type\":\"ListItem\",\"position\":2,\"name\":\"Contact\"}]},{\"@type\":\"WebSite\",\"@id\":\"https:\/\/www.anticevic-zdravlje.com.hr\/en\/#website\",\"url\":\"https:\/\/www.anticevic-zdravlje.com.hr\/en\/\",\"name\":\"Anti\u010devi\u0107-Zeleni Med\",\"description\":\"web trgovina\",\"publisher\":{\"@id\":\"https:\/\/www.anticevic-zdravlje.com.hr\/en\/#organization\"},\"potentialAction\":[{\"@type\":\"SearchAction\",\"target\":{\"@type\":\"EntryPoint\",\"urlTemplate\":\"https:\/\/www.anticevic-zdravlje.com.hr\/en\/?s={search_term_string}\"},\"query-input\":\"required name=search_term_string\"}],\"inLanguage\":\"en-US\"},{\"@type\":\"Organization\",\"@id\":\"https:\/\/www.anticevic-zdravlje.com.hr\/en\/#organization\",\"name\":\"Anti\u010devi\u0107-Zeleni Med j.d.o.o\",\"url\":\"https:\/\/www.anticevic-zdravlje.com.hr\/en\/\",\"logo\":{\"@type\":\"ImageObject\",\"inLanguage\":\"en-US\",\"@id\":\"https:\/\/www.anticevic-zdravlje.com.hr\/en\/#\/schema\/logo\/image\/\",\"url\":\"https:\/\/www.anticevic-zdravlje.com.hr\/wp-content\/uploads\/2020\/02\/Logotip.png\",\"contentUrl\":\"https:\/\/www.anticevic-zdravlje.com.hr\/wp-content\/uploads\/2020\/02\/Logotip.png\",\"width\":436,\"height\":486,\"caption\":\"Anti\u010devi\u0107-Zeleni Med j.d.o.o\"},\"image\":{\"@id\":\"https:\/\/www.anticevic-zdravlje.com.hr\/en\/#\/schema\/logo\/image\/\"},\"sameAs\":[\"https:\/\/www.facebook.com\/anticeviczdravlje\/\"]}]}<\/script>\n<!-- \/ Yoast SEO plugin. -->","yoast_head_json":{"title":"Contact - Anti\u010devi\u0107-Zeleni Med","robots":{"index":"index","follow":"follow","max-snippet":"max-snippet:-1","max-image-preview":"max-image-preview:large","max-video-preview":"max-video-preview:-1"},"canonical":"https:\/\/www.anticevic-zdravlje.com.hr\/kontakt\/","og_locale":"en_US","og_type":"article","og_title":"Contact - Anti\u010devi\u0107-Zeleni Med","og_description":"[vc_row css=&#8221;.vc_custom_1497126171788{background-position: center !important;background-repeat: no-repeat !important;background-size: cover !important;}&#8221;][vc_column width=&#8221;1\/2&#8243;][\/vc_column][vc_column width=&#8221;1\/2&#8243;][\/vc_column][\/vc_row][vc_row][vc_column][\/vc_column][\/vc_row] ...","og_url":"https:\/\/www.anticevic-zdravlje.com.hr\/kontakt\/","og_site_name":"Anti\u010devi\u0107-Zeleni Med","article_publisher":"https:\/\/www.facebook.com\/anticeviczdravlje\/","article_modified_time":"2024-09-02T15:41:35+00:00","og_image":[{"url":"https:\/\/www.anticevic-zdravlje.com.hr\/wp-content\/uploads\/2024\/05\/anticevic-nasmijani-logo-u-krugu-1-1.png"}],"twitter_card":"summary_large_image","twitter_misc":{"Est. reading time":"1 minute"},"schema":{"@context":"https:\/\/schema.org","@graph":[{"@type":"WebPage","@id":"https:\/\/www.anticevic-zdravlje.com.hr\/kontakt\/","url":"https:\/\/www.anticevic-zdravlje.com.hr\/kontakt\/","name":"Contact - Anti\u010devi\u0107-Zeleni Med","isPartOf":{"@id":"https:\/\/www.anticevic-zdravlje.com.hr\/en\/#website"},"datePublished":"2020-03-16T09:36:36+00:00","dateModified":"2024-09-02T15:41:35+00:00","breadcrumb":{"@id":"https:\/\/www.anticevic-zdravlje.com.hr\/kontakt\/#breadcrumb"},"inLanguage":"en-US","potentialAction":[{"@type":"ReadAction","target":["https:\/\/www.anticevic-zdravlje.com.hr\/kontakt\/"]}]},{"@type":"BreadcrumbList","@id":"https:\/\/www.anticevic-zdravlje.com.hr\/kontakt\/#breadcrumb","itemListElement":[{"@type":"ListItem","position":1,"name":"Home","item":"https:\/\/www.anticevic-zdravlje.com.hr\/en\/"},{"@type":"ListItem","position":2,"name":"Contact"}]},{"@type":"WebSite","@id":"https:\/\/www.anticevic-zdravlje.com.hr\/en\/#website","url":"https:\/\/www.anticevic-zdravlje.com.hr\/en\/","name":"Anti\u010devi\u0107-Zeleni Med","description":"web trgovina","publisher":{"@id":"https:\/\/www.anticevic-zdravlje.com.hr\/en\/#organization"},"potentialAction":[{"@type":"SearchAction","target":{"@type":"EntryPoint","urlTemplate":"https:\/\/www.anticevic-zdravlje.com.hr\/en\/?s={search_term_string}"},"query-input":"required name=search_term_string"}],"inLanguage":"en-US"},{"@type":"Organization","@id":"https:\/\/www.anticevic-zdravlje.com.hr\/en\/#organization","name":"Anti\u010devi\u0107-Zeleni Med j.d.o.o","url":"https:\/\/www.anticevic-zdravlje.com.hr\/en\/","logo":{"@type":"ImageObject","inLanguage":"en-US","@id":"https:\/\/www.anticevic-zdravlje.com.hr\/en\/#\/schema\/logo\/image\/","url":"https:\/\/www.anticevic-zdravlje.com.hr\/wp-content\/uploads\/2020\/02\/Logotip.png","contentUrl":"https:\/\/www.anticevic-zdravlje.com.hr\/wp-content\/uploads\/2020\/02\/Logotip.png","width":436,"height":486,"caption":"Anti\u010devi\u0107-Zeleni Med j.d.o.o"},"image":{"@id":"https:\/\/www.anticevic-zdravlje.com.hr\/en\/#\/schema\/logo\/image\/"},"sameAs":["https:\/\/www.facebook.com\/anticeviczdravlje\/"]}]}},"_links":{"self":[{"href":"https:\/\/www.anticevic-zdravlje.com.hr\/en\/wp-json\/wp\/v2\/pages\/18195"}],"collection":[{"href":"https:\/\/www.anticevic-zdravlje.com.hr\/en\/wp-json\/wp\/v2\/pages"}],"about":[{"href":"https:\/\/www.anticevic-zdravlje.com.hr\/en\/wp-json\/wp\/v2\/types\/page"}],"author":[{"embeddable":true,"href":"https:\/\/www.anticevic-zdravlje.com.hr\/en\/wp-json\/wp\/v2\/users\/1"}],"replies":[{"embeddable":true,"href":"https:\/\/www.anticevic-zdravlje.com.hr\/en\/wp-json\/wp\/v2\/comments?post=18195"}],"version-history":[{"count":9,"href":"https:\/\/www.anticevic-zdravlje.com.hr\/en\/wp-json\/wp\/v2\/pages\/18195\/revisions"}],"predecessor-version":[{"id":21645,"href":"https:\/\/www.anticevic-zdravlje.com.hr\/en\/wp-json\/wp\/v2\/pages\/18195\/revisions\/21645"}],"wp:attachment":[{"href":"https:\/\/www.anticevic-zdravlje.com.hr\/en\/wp-json\/wp\/v2\/media?parent=18195"}],"curies":[{"name":"wp","href":"https:\/\/api.w.org\/{rel}","templated":true}]}}